{"id":463,"date":"2023-10-18T09:50:18","date_gmt":"2023-10-18T09:50:18","guid":{"rendered":"https:\/\/www.kollektaafrica.com\/moz\/?page_id=463"},"modified":"2025-03-08T17:03:26","modified_gmt":"2025-03-08T14:03:26","slug":"e-commerce","status":"publish","type":"page","link":"https:\/\/www.kollektaafrica.com\/moz\/e-commerce\/","title":{"rendered":"E \u2013 Commerce"},"content":{"rendered":"\t\t<div data-elementor-type=\"wp-page\" data-elementor-id=\"463\" class=\"elementor elementor-463\" data-elementor-post-type=\"page\">\n\t\t\t\t\t\t<section class=\"elementor-section elementor-top-section elementor-element elementor-element-f236471 elementor-section-full_width elementor-section-height-min-height elementor-section-stretched elementor-section-height-default elementor-section-items-middle\" data-id=\"f236471\" data-element_type=\"section\" data-settings=\"{&quot;stretch_section&quot;:&quot;section-stretched&quot;,&quot;background_background&quot;:&quot;classic&quot;}\">\n\t\t\t\t\t\t<div class=\"elementor-container elementor-column-gap-no\">\n\t\t\t\t\t<div class=\"elementor-column elementor-col-100 elementor-top-column elementor-element elementor-element-cf781a4\" data-id=\"cf781a4\" data-element_type=\"column\">\n\t\t\t<div class=\"elementor-widget-wrap elementor-element-populated\">\n\t\t\t\t\t\t<div class=\"elementor-element elementor-element-0d2484a elementor-invisible elementor-widget elementor-widget-heading\" data-id=\"0d2484a\" data-element_type=\"widget\" data-settings=\"{&quot;_animation&quot;:&quot;slideInUp&quot;}\" data-widget_type=\"heading.default\">\n\t\t\t\t<div class=\"elementor-widget-container\">\n\t\t\t\t\t<h1 class=\"elementor-heading-title elementor-size-default\">Solu\u00e7\u00f5es de Com\u00e9rcio Eletr\u00f4nico<\/h1>\t\t\t\t<\/div>\n\t\t\t\t<\/div>\n\t\t\t\t<div class=\"elementor-element elementor-element-d829a78 elementor-invisible elementor-widget elementor-widget-text-editor\" data-id=\"d829a78\" data-element_type=\"widget\" data-settings=\"{&quot;_animation&quot;:&quot;slideInUp&quot;}\" data-widget_type=\"text-editor.default\">\n\t\t\t\t<div class=\"elementor-widget-container\">\n\t\t\t\t\t\t\t\t\t<p>Atrav\u00e9s de parcerias com os principais players de Telecomunica\u00e7\u00f5es, Bancos e Retalho do mercado, nos esfor\u00e7amos para oferecer solu\u00e7\u00f5es sob medida para voc\u00ea, o consumidor, com op\u00e7\u00f5es de pagamento em numer\u00e1rio ou a cr\u00e9dito.<\/p>\t\t\t\t\t\t\t\t<\/div>\n\t\t\t\t<\/div>\n\t\t\t\t\t<\/div>\n\t\t<\/div>\n\t\t\t\t\t<\/div>\n\t\t<\/section>\n\t\t\t\t<section class=\"elementor-section elementor-top-section elementor-element elementor-element-09feec0 elementor-section-full_width elementor-section-stretched elementor-reverse-mobile elementor-section-height-default elementor-section-height-default\" data-id=\"09feec0\" data-element_type=\"section\" data-settings=\"{&quot;stretch_section&quot;:&quot;section-stretched&quot;,&quot;background_background&quot;:&quot;classic&quot;}\">\n\t\t\t\t\t\t\t<div class=\"elementor-background-overlay\"><\/div>\n\t\t\t\t\t\t\t<div class=\"elementor-container elementor-column-gap-default\">\n\t\t\t\t\t<div class=\"elementor-column elementor-col-50 elementor-top-column elementor-element elementor-element-d79fb72\" data-id=\"d79fb72\" data-element_type=\"column\" data-settings=\"{&quot;background_background&quot;:&quot;classic&quot;}\">\n\t\t\t<div class=\"elementor-widget-wrap elementor-element-populated\">\n\t\t\t\t\t<div class=\"elementor-background-overlay\"><\/div>\n\t\t\t\t\t\t<div class=\"elementor-element elementor-element-5145a96 elementor-invisible elementor-widget elementor-widget-heading\" data-id=\"5145a96\" data-element_type=\"widget\" data-settings=\"{&quot;_animation&quot;:&quot;slideInUp&quot;}\" data-widget_type=\"heading.default\">\n\t\t\t\t<div class=\"elementor-widget-container\">\n\t\t\t\t\t<h1 class=\"elementor-heading-title elementor-size-default\">Kollekta App<\/h1>\t\t\t\t<\/div>\n\t\t\t\t<\/div>\n\t\t\t\t<div class=\"elementor-element elementor-element-cd3cfba elementor-invisible elementor-widget elementor-widget-text-editor\" data-id=\"cd3cfba\" data-element_type=\"widget\" data-settings=\"{&quot;_animation&quot;:&quot;slideInUp&quot;}\" data-widget_type=\"text-editor.default\">\n\t\t\t\t<div class=\"elementor-widget-container\">\n\t\t\t\t\t\t\t\t\t<p><strong>Bem-vindo \u00e0 Kollekta \u2013 Capacitando Seus Sonhos<\/strong><\/p><p>Na Kollekta, entendemos que a vida \u00e9 sobre aproveitar as oportunidades, e \u00e0s vezes, essas oportunidades surgem quando voc\u00ea menos espera. \u00c9 por isso que firmamos parcerias com os principais bancos, gigantes das telecomunica\u00e7\u00f5es e retalhos de confian\u00e7a para <strong>oferecer a voc\u00ea uma experi\u00eancia de compra sob medida<\/strong>, pensada especialmente para VOC\u00ca.<\/p><p>Seja para adquirir as \u00faltimas novidades em tecnologia, moda ou itens essenciais para o lar, nossas op\u00e7\u00f5es de pagamento flex\u00edveis permitem que voc\u00ea compre agora e pague depois, sem taxas ocultas ou preocupa\u00e7\u00f5es.<\/p><p>Estamos aqui para ajud\u00e1-lo a tomar o controle do seu futuro, uma compra de cada vez. Com condi\u00e7\u00f5es de pagamento personalizadas, tanto a cr\u00e9dito quanto em numer\u00e1rio, capacitamos voc\u00ea a fazer as escolhas que se adequam ao seu estilo de vida e necessidades. Seus sonhos est\u00e3o a apenas um clique de dist\u00e2ncia \u2013 deixe-nos ajud\u00e1-lo a torn\u00e1-los realidade.<\/p><p><strong>Comece a comprar hoje e experimente a conveni\u00eancia de uma plataforma feita para voc\u00ea.<\/strong><\/p>\t\t\t\t\t\t\t\t<\/div>\n\t\t\t\t<\/div>\n\t\t\t\t<section class=\"elementor-section elementor-inner-section elementor-element elementor-element-f0564ed elementor-section-full_width elementor-section-height-default elementor-section-height-default\" data-id=\"f0564ed\" data-element_type=\"section\">\n\t\t\t\t\t\t<div class=\"elementor-container elementor-column-gap-default\">\n\t\t\t\t\t<div class=\"elementor-column elementor-col-50 elementor-inner-column elementor-element elementor-element-170c104\" data-id=\"170c104\" data-element_type=\"column\">\n\t\t\t<div class=\"elementor-widget-wrap elementor-element-populated\">\n\t\t\t\t\t\t<div class=\"elementor-element elementor-element-cac62eb elementor-invisible elementor-widget elementor-widget-image\" data-id=\"cac62eb\" data-element_type=\"widget\" data-settings=\"{&quot;_animation&quot;:&quot;slideInUp&quot;}\" data-widget_type=\"image.default\">\n\t\t\t\t<div class=\"elementor-widget-container\">\n\t\t\t\t\t\t\t\t\t\t\t\t\t\t\t\t<a href=\"#\">\n\t\t\t\t\t\t\t<img fetchpriority=\"high\" decoding=\"async\" width=\"413\" height=\"122\" src=\"https:\/\/www.kollektaafrica.com\/moz\/wp-content\/uploads\/2023\/10\/Kollekta-Africa-Google-play-logo.png\" class=\"elementor-animation-grow attachment-full size-full wp-image-1317\" alt=\"\" srcset=\"https:\/\/www.kollektaafrica.com\/moz\/wp-content\/uploads\/2023\/10\/Kollekta-Africa-Google-play-logo.png 413w, https:\/\/www.kollektaafrica.com\/moz\/wp-content\/uploads\/2023\/10\/Kollekta-Africa-Google-play-logo-300x89.png 300w\" sizes=\"(max-width: 413px) 100vw, 413px\" \/>\t\t\t\t\t\t\t\t<\/a>\n\t\t\t\t\t\t\t\t\t\t\t\t\t\t\t<\/div>\n\t\t\t\t<\/div>\n\t\t\t\t\t<\/div>\n\t\t<\/div>\n\t\t\t\t<div class=\"elementor-column elementor-col-50 elementor-inner-column elementor-element elementor-element-2a8498b\" data-id=\"2a8498b\" data-element_type=\"column\">\n\t\t\t<div class=\"elementor-widget-wrap elementor-element-populated\">\n\t\t\t\t\t\t<div class=\"elementor-element elementor-element-3b74406 elementor-invisible elementor-widget elementor-widget-image\" data-id=\"3b74406\" data-element_type=\"widget\" data-settings=\"{&quot;_animation&quot;:&quot;slideInUp&quot;}\" data-widget_type=\"image.default\">\n\t\t\t\t<div class=\"elementor-widget-container\">\n\t\t\t\t\t\t\t\t\t\t\t\t\t\t\t\t<a href=\"#\">\n\t\t\t\t\t\t\t<img decoding=\"async\" width=\"1024\" height=\"303\" src=\"https:\/\/www.kollektaafrica.com\/moz\/wp-content\/uploads\/2023\/11\/Kollekta-Africa-App-Store.png\" class=\"elementor-animation-grow attachment-full size-full wp-image-3481\" alt=\"\" srcset=\"https:\/\/www.kollektaafrica.com\/moz\/wp-content\/uploads\/2023\/11\/Kollekta-Africa-App-Store.png 1024w, https:\/\/www.kollektaafrica.com\/moz\/wp-content\/uploads\/2023\/11\/Kollekta-Africa-App-Store-300x89.png 300w, https:\/\/www.kollektaafrica.com\/moz\/wp-content\/uploads\/2023\/11\/Kollekta-Africa-App-Store-768x227.png 768w\" sizes=\"(max-width: 1024px) 100vw, 1024px\" \/>\t\t\t\t\t\t\t\t<\/a>\n\t\t\t\t\t\t\t\t\t\t\t\t\t\t\t<\/div>\n\t\t\t\t<\/div>\n\t\t\t\t\t<\/div>\n\t\t<\/div>\n\t\t\t\t\t<\/div>\n\t\t<\/section>\n\t\t\t\t\t<\/div>\n\t\t<\/div>\n\t\t\t\t<div class=\"elementor-column elementor-col-50 elementor-top-column elementor-element elementor-element-83f7e92\" data-id=\"83f7e92\" data-element_type=\"column\" data-settings=\"{&quot;background_background&quot;:&quot;classic&quot;}\">\n\t\t\t<div class=\"elementor-widget-wrap elementor-element-populated\">\n\t\t\t\t\t<div class=\"elementor-background-overlay\"><\/div>\n\t\t\t\t\t\t<div class=\"elementor-element elementor-element-c232286 elementor-invisible elementor-widget elementor-widget-image\" data-id=\"c232286\" data-element_type=\"widget\" data-settings=\"{&quot;_animation&quot;:&quot;slideInUp&quot;}\" data-widget_type=\"image.default\">\n\t\t\t\t<div class=\"elementor-widget-container\">\n\t\t\t\t\t\t\t\t\t\t\t\t\t\t\t<img decoding=\"async\" width=\"1000\" height=\"1000\" src=\"https:\/\/www.kollektaafrica.com\/moz\/wp-content\/uploads\/2023\/10\/kollekta-app1.png\" class=\"attachment-full size-full wp-image-2137\" alt=\"\" srcset=\"https:\/\/www.kollektaafrica.com\/moz\/wp-content\/uploads\/2023\/10\/kollekta-app1.png 1000w, https:\/\/www.kollektaafrica.com\/moz\/wp-content\/uploads\/2023\/10\/kollekta-app1-300x300.png 300w, https:\/\/www.kollektaafrica.com\/moz\/wp-content\/uploads\/2023\/10\/kollekta-app1-150x150.png 150w, https:\/\/www.kollektaafrica.com\/moz\/wp-content\/uploads\/2023\/10\/kollekta-app1-768x768.png 768w\" sizes=\"(max-width: 1000px) 100vw, 1000px\" \/>\t\t\t\t\t\t\t\t\t\t\t\t\t\t\t<\/div>\n\t\t\t\t<\/div>\n\t\t\t\t\t<\/div>\n\t\t<\/div>\n\t\t\t\t\t<\/div>\n\t\t<\/section>\n\t\t\t\t<section class=\"elementor-section elementor-top-section elementor-element elementor-element-f57015e elementor-section-full_width elementor-section-stretched elementor-section-height-default elementor-section-height-default\" data-id=\"f57015e\" data-element_type=\"section\" data-settings=\"{&quot;stretch_section&quot;:&quot;section-stretched&quot;,&quot;background_background&quot;:&quot;classic&quot;}\">\n\t\t\t\t\t\t\t<div class=\"elementor-background-overlay\"><\/div>\n\t\t\t\t\t\t\t<div class=\"elementor-container elementor-column-gap-default\">\n\t\t\t\t\t<div class=\"elementor-column elementor-col-50 elementor-top-column elementor-element elementor-element-7ccee27\" data-id=\"7ccee27\" data-element_type=\"column\" data-settings=\"{&quot;background_background&quot;:&quot;classic&quot;}\">\n\t\t\t<div class=\"elementor-widget-wrap elementor-element-populated\">\n\t\t\t\t\t\t<div class=\"elementor-element elementor-element-cc6f615 elementor-widget elementor-widget-spacer\" data-id=\"cc6f615\" data-element_type=\"widget\" data-widget_type=\"spacer.default\">\n\t\t\t\t<div class=\"elementor-widget-container\">\n\t\t\t\t\t\t\t<div class=\"elementor-spacer\">\n\t\t\t<div class=\"elementor-spacer-inner\"><\/div>\n\t\t<\/div>\n\t\t\t\t\t\t<\/div>\n\t\t\t\t<\/div>\n\t\t\t\t\t<\/div>\n\t\t<\/div>\n\t\t\t\t<div class=\"elementor-column elementor-col-50 elementor-top-column elementor-element elementor-element-e5197af elementor-invisible\" data-id=\"e5197af\" data-element_type=\"column\" data-settings=\"{&quot;background_background&quot;:&quot;classic&quot;,&quot;animation&quot;:&quot;slideInUp&quot;}\">\n\t\t\t<div class=\"elementor-widget-wrap elementor-element-populated\">\n\t\t\t\t\t<div class=\"elementor-background-overlay\"><\/div>\n\t\t\t\t\t\t<div class=\"elementor-element elementor-element-94c2031 elementor-widget elementor-widget-heading\" data-id=\"94c2031\" data-element_type=\"widget\" data-widget_type=\"heading.default\">\n\t\t\t\t<div class=\"elementor-widget-container\">\n\t\t\t\t\t<h1 class=\"elementor-heading-title elementor-size-default\">Kollekta Online<\/h1>\t\t\t\t<\/div>\n\t\t\t\t<\/div>\n\t\t\t\t<div class=\"elementor-element elementor-element-dc9ca15 elementor-invisible elementor-widget elementor-widget-text-editor\" data-id=\"dc9ca15\" data-element_type=\"widget\" data-settings=\"{&quot;_animation&quot;:&quot;slideInUp&quot;}\" data-widget_type=\"text-editor.default\">\n\t\t\t\t<div class=\"elementor-widget-container\">\n\t\t\t\t\t\t\t\t\t<p>As Plataformas Web da Kollekta trazem o mundo at\u00e9 seus dedos, oferecendo uma experi\u00eancia cont\u00ednua em laptops, computadores de mesa e tablets, para que voc\u00ea possa acessar os produtos e servi\u00e7os que precisa no conforto do seu espa\u00e7o, sempre que precisar \u2013 tudo o que voc\u00ea precisa \u00e9 de uma conex\u00e3o \u00e0 internet.<\/p>\t\t\t\t\t\t\t\t<\/div>\n\t\t\t\t<\/div>\n\t\t\t\t<div class=\"elementor-element elementor-element-73a3ccd elementor-mobile-align-center elementor-widget elementor-widget-button\" data-id=\"73a3ccd\" data-element_type=\"widget\" data-widget_type=\"button.default\">\n\t\t\t\t<div class=\"elementor-widget-container\">\n\t\t\t\t\t\t\t\t\t<div class=\"elementor-button-wrapper\">\n\t\t\t\t\t<a class=\"elementor-button elementor-button-link elementor-size-md\" href=\"#\">\n\t\t\t\t\t\t<span class=\"elementor-button-content-wrapper\">\n\t\t\t\t\t\t\t\t\t<span class=\"elementor-button-text\">Portal Login<\/span>\n\t\t\t\t\t<\/span>\n\t\t\t\t\t<\/a>\n\t\t\t\t<\/div>\n\t\t\t\t\t\t\t\t<\/div>\n\t\t\t\t<\/div>\n\t\t\t\t\t<\/div>\n\t\t<\/div>\n\t\t\t\t\t<\/div>\n\t\t<\/section>\n\t\t\t\t<section class=\"elementor-section elementor-top-section elementor-element elementor-element-88935bc elementor-section-full_width elementor-section-stretched elementor-section-height-default elementor-section-height-default\" data-id=\"88935bc\" data-element_type=\"section\" data-settings=\"{&quot;stretch_section&quot;:&quot;section-stretched&quot;}\">\n\t\t\t\t\t\t<div class=\"elementor-container elementor-column-gap-default\">\n\t\t\t\t\t<div class=\"elementor-column elementor-col-100 elementor-top-column elementor-element elementor-element-0e81c9a\" data-id=\"0e81c9a\" data-element_type=\"column\">\n\t\t\t<div class=\"elementor-widget-wrap elementor-element-populated\">\n\t\t\t\t\t\t<div class=\"elementor-element elementor-element-f40f188 elementor-widget elementor-widget-heading\" data-id=\"f40f188\" data-element_type=\"widget\" data-widget_type=\"heading.default\">\n\t\t\t\t<div class=\"elementor-widget-container\">\n\t\t\t\t\t<h2 class=\"elementor-heading-title elementor-size-default\">\nMeio de Pagamentos<\/h2>\t\t\t\t<\/div>\n\t\t\t\t<\/div>\n\t\t\t\t<div class=\"elementor-element elementor-element-1777548 elementor-arrows-position-outside elementor-widget elementor-widget-image-carousel\" data-id=\"1777548\" data-element_type=\"widget\" data-settings=\"{&quot;slides_to_show&quot;:&quot;5&quot;,&quot;navigation&quot;:&quot;arrows&quot;,&quot;image_spacing_custom&quot;:{&quot;unit&quot;:&quot;px&quot;,&quot;size&quot;:50,&quot;sizes&quot;:[]},&quot;slides_to_show_mobile&quot;:&quot;2&quot;,&quot;slides_to_scroll&quot;:&quot;1&quot;,&quot;autoplay&quot;:&quot;yes&quot;,&quot;pause_on_hover&quot;:&quot;yes&quot;,&quot;pause_on_interaction&quot;:&quot;yes&quot;,&quot;autoplay_speed&quot;:5000,&quot;infinite&quot;:&quot;yes&quot;,&quot;speed&quot;:500,&quot;image_spacing_custom_tablet&quot;:{&quot;unit&quot;:&quot;px&quot;,&quot;size&quot;:&quot;&quot;,&quot;sizes&quot;:[]},&quot;image_spacing_custom_mobile&quot;:{&quot;unit&quot;:&quot;px&quot;,&quot;size&quot;:&quot;&quot;,&quot;sizes&quot;:[]}}\" data-widget_type=\"image-carousel.default\">\n\t\t\t\t<div class=\"elementor-widget-container\">\n\t\t\t\t\t\t\t<div class=\"elementor-image-carousel-wrapper swiper\" role=\"region\" aria-roledescription=\"carousel\" aria-label=\"Image Carousel\" dir=\"ltr\">\n\t\t\t<div class=\"elementor-image-carousel swiper-wrapper\" aria-live=\"off\">\n\t\t\t\t\t\t\t\t<div class=\"swiper-slide\" role=\"group\" aria-roledescription=\"slide\" aria-label=\"1 of 8\"><figure class=\"swiper-slide-inner\"><img decoding=\"async\" class=\"swiper-slide-image\" src=\"https:\/\/www.kollektaafrica.com\/moz\/wp-content\/uploads\/2025\/01\/m-pesa-logo.jpg\" alt=\"m-pesa-logo\" \/><\/figure><\/div><div class=\"swiper-slide\" role=\"group\" aria-roledescription=\"slide\" aria-label=\"2 of 8\"><figure class=\"swiper-slide-inner\"><img decoding=\"async\" class=\"swiper-slide-image\" src=\"https:\/\/www.kollektaafrica.com\/moz\/wp-content\/uploads\/2023\/11\/Kollekta-Africa-Pesa-Pal.jpg\" alt=\"Kollekta-Africa-Pesa-Pal\" \/><\/figure><\/div><div class=\"swiper-slide\" role=\"group\" aria-roledescription=\"slide\" aria-label=\"3 of 8\"><figure class=\"swiper-slide-inner\"><img decoding=\"async\" class=\"swiper-slide-image\" src=\"https:\/\/www.kollektaafrica.com\/moz\/wp-content\/uploads\/2025\/01\/MixxbyYas.jpg\" alt=\"MixxbyYas\" \/><\/figure><\/div><div class=\"swiper-slide\" role=\"group\" aria-roledescription=\"slide\" aria-label=\"4 of 8\"><figure class=\"swiper-slide-inner\"><img decoding=\"async\" class=\"swiper-slide-image\" src=\"https:\/\/www.kollektaafrica.com\/moz\/wp-content\/uploads\/2025\/01\/DPO.png\" alt=\"DPO\" \/><\/figure><\/div><div class=\"swiper-slide\" role=\"group\" aria-roledescription=\"slide\" aria-label=\"5 of 8\"><figure class=\"swiper-slide-inner\"><img decoding=\"async\" class=\"swiper-slide-image\" src=\"https:\/\/www.kollektaafrica.com\/moz\/wp-content\/uploads\/2023\/11\/Kollekta-Africa-Airtel-money.jpg\" alt=\"Kollekta-Africa-Airtel-money\" \/><\/figure><\/div><div class=\"swiper-slide\" role=\"group\" aria-roledescription=\"slide\" aria-label=\"6 of 8\"><figure class=\"swiper-slide-inner\"><img decoding=\"async\" class=\"swiper-slide-image\" src=\"https:\/\/www.kollektaafrica.com\/moz\/wp-content\/uploads\/2023\/10\/Kollekta-Africa-VISA-1.png\" alt=\"Kollekta-Africa-VISA\" \/><\/figure><\/div><div class=\"swiper-slide\" role=\"group\" aria-roledescription=\"slide\" aria-label=\"7 of 8\"><figure class=\"swiper-slide-inner\"><img decoding=\"async\" class=\"swiper-slide-image\" src=\"https:\/\/www.kollektaafrica.com\/moz\/wp-content\/uploads\/2023\/10\/Kollekta-Africa-Mastercard-1.png\" alt=\"Kollekta-Africa-Mastercard\" \/><\/figure><\/div><div class=\"swiper-slide\" role=\"group\" aria-roledescription=\"slide\" aria-label=\"8 of 8\"><figure class=\"swiper-slide-inner\"><img decoding=\"async\" class=\"swiper-slide-image\" src=\"https:\/\/www.kollektaafrica.com\/moz\/wp-content\/uploads\/2023\/11\/Kollekta-Africa-American-Express.jpg\" alt=\"Kollekta-Africa-American-Express\" \/><\/figure><\/div>\t\t\t<\/div>\n\t\t\t\t\t\t\t\t\t\t\t\t<div class=\"elementor-swiper-button elementor-swiper-button-prev\" role=\"button\" tabindex=\"0\">\n\t\t\t\t\t\t<i aria-hidden=\"true\" class=\"eicon-chevron-left\"><\/i>\t\t\t\t\t<\/div>\n\t\t\t\t\t<div class=\"elementor-swiper-button elementor-swiper-button-next\" role=\"button\" tabindex=\"0\">\n\t\t\t\t\t\t<i aria-hidden=\"true\" class=\"eicon-chevron-right\"><\/i>\t\t\t\t\t<\/div>\n\t\t\t\t\n\t\t\t\t\t\t\t\t\t<\/div>\n\t\t\t\t\t\t<\/div>\n\t\t\t\t<\/div>\n\t\t\t\t\t<\/div>\n\t\t<\/div>\n\t\t\t\t\t<\/div>\n\t\t<\/section>\n\t\t\t\t<\/div>\n\t\t","protected":false},"excerpt":{"rendered":"<p>Solu\u00e7\u00f5es de Com\u00e9rcio Eletr\u00f4nico Atrav\u00e9s de parcerias com os principais players de Telecomunica\u00e7\u00f5es, Bancos e Retalho do mercado, nos esfor\u00e7amos para oferecer solu\u00e7\u00f5es sob medida para voc\u00ea, o consumidor, com op\u00e7\u00f5es de pagamento em numer\u00e1rio ou a cr\u00e9dito. Kollekta App Bem-vindo \u00e0 Kollekta \u2013 Capacitando Seus Sonhos Na Kollekta, entendemos que a vida \u00e9 sobre&hellip;<\/p>\n","protected":false},"author":1,"featured_media":0,"parent":0,"menu_order":0,"comment_status":"closed","ping_status":"closed","template":"","meta":{"inline_featured_image":false,"footnotes":""},"class_list":["post-463","page","type-page","status-publish","hentry","entry","no-media"],"_links":{"self":[{"href":"https:\/\/www.kollektaafrica.com\/moz\/wp-json\/wp\/v2\/pages\/463","targetHints":{"allow":["GET"]}}],"collection":[{"href":"https:\/\/www.kollektaafrica.com\/moz\/wp-json\/wp\/v2\/pages"}],"about":[{"href":"https:\/\/www.kollektaafrica.com\/moz\/wp-json\/wp\/v2\/types\/page"}],"author":[{"embeddable":true,"href":"https:\/\/www.kollektaafrica.com\/moz\/wp-json\/wp\/v2\/users\/1"}],"replies":[{"embeddable":true,"href":"https:\/\/www.kollektaafrica.com\/moz\/wp-json\/wp\/v2\/comments?post=463"}],"version-history":[{"count":448,"href":"https:\/\/www.kollektaafrica.com\/moz\/wp-json\/wp\/v2\/pages\/463\/revisions"}],"predecessor-version":[{"id":4405,"href":"https:\/\/www.kollektaafrica.com\/moz\/wp-json\/wp\/v2\/pages\/463\/revisions\/4405"}],"wp:attachment":[{"href":"https:\/\/www.kollektaafrica.com\/moz\/wp-json\/wp\/v2\/media?parent=463"}],"curies":[{"name":"wp","href":"https:\/\/api.w.org\/{rel}","templated":true}]}}