{"id":30,"date":"2023-10-17T10:26:12","date_gmt":"2023-10-17T10:26:12","guid":{"rendered":"https:\/\/www.kollektaafrica.com\/moz\/?page_id=30"},"modified":"2025-03-08T17:01:17","modified_gmt":"2025-03-08T14:01:17","slug":"about","status":"publish","type":"page","link":"https:\/\/www.kollektaafrica.com\/moz\/about\/","title":{"rendered":"About"},"content":{"rendered":"\t\t<div data-elementor-type=\"wp-page\" data-elementor-id=\"30\" class=\"elementor elementor-30\" data-elementor-post-type=\"page\">\n\t\t\t\t\t\t<section class=\"elementor-section elementor-top-section elementor-element elementor-element-81ba90d elementor-section-full_width elementor-section-stretched elementor-reverse-mobile elementor-section-height-default elementor-section-height-default\" data-id=\"81ba90d\" data-element_type=\"section\" data-settings=\"{&quot;stretch_section&quot;:&quot;section-stretched&quot;,&quot;background_background&quot;:&quot;classic&quot;}\">\n\t\t\t\t\t\t\t<div class=\"elementor-background-overlay\"><\/div>\n\t\t\t\t\t\t\t<div class=\"elementor-container elementor-column-gap-default\">\n\t\t\t\t\t<div class=\"elementor-column elementor-col-50 elementor-top-column elementor-element elementor-element-8f064f4\" data-id=\"8f064f4\" data-element_type=\"column\">\n\t\t\t<div class=\"elementor-widget-wrap elementor-element-populated\">\n\t\t\t\t\t\t<div class=\"elementor-element elementor-element-f5d21d9 elementor-invisible elementor-widget elementor-widget-heading\" data-id=\"f5d21d9\" data-element_type=\"widget\" data-settings=\"{&quot;_animation&quot;:&quot;slideInUp&quot;}\" data-widget_type=\"heading.default\">\n\t\t\t\t<div class=\"elementor-widget-container\">\n\t\t\t\t\t<h2 class=\"elementor-heading-title elementor-size-default\">Nossa Hist\u00f3ria<\/h2>\t\t\t\t<\/div>\n\t\t\t\t<\/div>\n\t\t\t\t<div class=\"elementor-element elementor-element-b32d87e elementor-invisible elementor-widget elementor-widget-text-editor\" data-id=\"b32d87e\" data-element_type=\"widget\" data-settings=\"{&quot;_animation&quot;:&quot;slideInUp&quot;}\" data-widget_type=\"text-editor.default\">\n\t\t\t\t<div class=\"elementor-widget-container\">\n\t\t\t\t\t\t\t\t\t<p><strong>Construindo o Futuro da \u00c1frica com Tecnologia e Inova\u00e7\u00e3o<\/strong><\/p><p>A Kollekta Africa nasceu de uma vis\u00e3o para transformar o mercado africano com <strong>solu\u00e7\u00f5es distintas e impulsionadas pela tecnologia<\/strong>, que atendem \u00e0s necessidades \u00fanicas de empresas e consumidores. Entendemos que o cen\u00e1rio diversificado e em constante evolu\u00e7\u00e3o da \u00c1frica exige inova\u00e7\u00e3o que seja relevante e impactante \u2014 e estamos aqui para fornec\u00ea-la.<\/p><p>No cora\u00e7\u00e3o da nossa empresa est\u00e1 a cren\u00e7a de que a <strong>tecnologia<\/strong> tem o poder de impulsionar o progresso. Atrav\u00e9s da colabora\u00e7\u00e3o com uma talentosa equipe interna e parceiros externos confi\u00e1veis, desenvolvemos e entregamos solu\u00e7\u00f5es empresariais e de consumo que fazem a diferen\u00e7a real.<\/p><p>Nossos fundadores trazem mais de <strong>24 anos de experi\u00eancia<\/strong> em uma variedade de ind\u00fastrias, incluindo Telecomunica\u00e7\u00f5es, Imobili\u00e1rio, Microfinan\u00e7as, Tecnologia e Bancos, trabalhando com organiza\u00e7\u00f5es multinacionais em toda a \u00c1frica. Com essa profunda expertise, a Kollekta Africa est\u00e1 comprometida em criar solu\u00e7\u00f5es que capacitem indiv\u00edduos, empresas e comunidades a prosperarem em um mundo em r\u00e1pida mudan\u00e7a.<\/p><p>Na Kollekta, n\u00e3o apenas sonhamos com um futuro mais brilhante para a \u00c1frica \u2014 estamos construindo-o, uma solu\u00e7\u00e3o inovadora de cada vez.<\/p>\t\t\t\t\t\t\t\t<\/div>\n\t\t\t\t<\/div>\n\t\t\t\t\t<\/div>\n\t\t<\/div>\n\t\t\t\t<div class=\"elementor-column elementor-col-50 elementor-top-column elementor-element elementor-element-8226e32\" data-id=\"8226e32\" data-element_type=\"column\" data-settings=\"{&quot;background_background&quot;:&quot;classic&quot;}\">\n\t\t\t<div class=\"elementor-widget-wrap elementor-element-populated\">\n\t\t\t\t\t\t<div class=\"elementor-element elementor-element-b0f36fc elementor-widget elementor-widget-spacer\" data-id=\"b0f36fc\" data-element_type=\"widget\" data-widget_type=\"spacer.default\">\n\t\t\t\t<div class=\"elementor-widget-container\">\n\t\t\t\t\t\t\t<div class=\"elementor-spacer\">\n\t\t\t<div class=\"elementor-spacer-inner\"><\/div>\n\t\t<\/div>\n\t\t\t\t\t\t<\/div>\n\t\t\t\t<\/div>\n\t\t\t\t\t<\/div>\n\t\t<\/div>\n\t\t\t\t\t<\/div>\n\t\t<\/section>\n\t\t\t\t<section class=\"elementor-section elementor-top-section elementor-element elementor-element-a7bdd07 elementor-section-stretched elementor-section-boxed elementor-section-height-default elementor-section-height-default\" data-id=\"a7bdd07\" data-element_type=\"section\" data-settings=\"{&quot;stretch_section&quot;:&quot;section-stretched&quot;,&quot;background_background&quot;:&quot;classic&quot;}\">\n\t\t\t\t\t\t\t<div class=\"elementor-background-overlay\"><\/div>\n\t\t\t\t\t\t\t<div class=\"elementor-container elementor-column-gap-default\">\n\t\t\t\t\t<div class=\"elementor-column elementor-col-100 elementor-top-column elementor-element elementor-element-44f4955\" data-id=\"44f4955\" data-element_type=\"column\">\n\t\t\t<div class=\"elementor-widget-wrap elementor-element-populated\">\n\t\t\t\t\t\t<div class=\"elementor-element elementor-element-f2864b1 elementor-invisible elementor-widget elementor-widget-heading\" data-id=\"f2864b1\" data-element_type=\"widget\" data-settings=\"{&quot;_animation&quot;:&quot;slideInUp&quot;}\" data-widget_type=\"heading.default\">\n\t\t\t\t<div class=\"elementor-widget-container\">\n\t\t\t\t\t<h2 class=\"elementor-heading-title elementor-size-default\">Nossa Miss\u00e3o<\/h2>\t\t\t\t<\/div>\n\t\t\t\t<\/div>\n\t\t\t\t<div class=\"elementor-element elementor-element-9c00b07 elementor-invisible elementor-widget elementor-widget-text-editor\" data-id=\"9c00b07\" data-element_type=\"widget\" data-settings=\"{&quot;_animation&quot;:&quot;slideInUp&quot;}\" data-widget_type=\"text-editor.default\">\n\t\t\t\t<div class=\"elementor-widget-container\">\n\t\t\t\t\t\t\t\t\t<p>Continuar a desenvolver solu\u00e7\u00f5es de neg\u00f3cios impulsionadas por tecnologia e produtos de consumo competitivos no mercado Africano.<\/p>\t\t\t\t\t\t\t\t<\/div>\n\t\t\t\t<\/div>\n\t\t\t\t\t<\/div>\n\t\t<\/div>\n\t\t\t\t\t<\/div>\n\t\t<\/section>\n\t\t\t\t<section class=\"elementor-section elementor-top-section elementor-element elementor-element-b47b489 elementor-section-full_width elementor-section-stretched elementor-section-height-default elementor-section-height-default\" data-id=\"b47b489\" data-element_type=\"section\" data-settings=\"{&quot;stretch_section&quot;:&quot;section-stretched&quot;,&quot;background_background&quot;:&quot;classic&quot;}\">\n\t\t\t\t\t\t<div class=\"elementor-container elementor-column-gap-default\">\n\t\t\t\t\t<div class=\"elementor-column elementor-col-100 elementor-top-column elementor-element elementor-element-2351b12\" data-id=\"2351b12\" data-element_type=\"column\">\n\t\t\t<div class=\"elementor-widget-wrap elementor-element-populated\">\n\t\t\t\t\t\t<section class=\"elementor-section elementor-inner-section elementor-element elementor-element-a6b0f86 elementor-section-boxed elementor-section-height-default elementor-section-height-default\" data-id=\"a6b0f86\" data-element_type=\"section\" data-settings=\"{&quot;background_background&quot;:&quot;classic&quot;}\">\n\t\t\t\t\t\t<div class=\"elementor-container elementor-column-gap-default\">\n\t\t\t\t\t<div class=\"elementor-column elementor-col-100 elementor-inner-column elementor-element elementor-element-f3f75e3\" data-id=\"f3f75e3\" data-element_type=\"column\">\n\t\t\t<div class=\"elementor-widget-wrap elementor-element-populated\">\n\t\t\t\t\t\t<div class=\"elementor-element elementor-element-42a9bcc elementor-invisible elementor-widget elementor-widget-heading\" data-id=\"42a9bcc\" data-element_type=\"widget\" data-settings=\"{&quot;_animation&quot;:&quot;slideInUp&quot;}\" data-widget_type=\"heading.default\">\n\t\t\t\t<div class=\"elementor-widget-container\">\n\t\t\t\t\t<h1 class=\"elementor-heading-title elementor-size-default\">Ind\u00fastrias Que Servimos<\/h1>\t\t\t\t<\/div>\n\t\t\t\t<\/div>\n\t\t\t\t<section class=\"elementor-section elementor-inner-section elementor-element elementor-element-5625282 elementor-section-full_width elementor-section-height-default elementor-section-height-default elementor-invisible\" data-id=\"5625282\" data-element_type=\"section\" data-settings=\"{&quot;animation&quot;:&quot;slideInUp&quot;}\">\n\t\t\t\t\t\t<div class=\"elementor-container elementor-column-gap-default\">\n\t\t\t\t\t<div class=\"elementor-column elementor-col-16 elementor-inner-column elementor-element elementor-element-406a24e\" data-id=\"406a24e\" data-element_type=\"column\" data-settings=\"{&quot;background_background&quot;:&quot;classic&quot;}\">\n\t\t\t<div class=\"elementor-widget-wrap elementor-element-populated\">\n\t\t\t\t\t\t<div class=\"elementor-element elementor-element-4aea2eb elementor-position-top elementor-widget elementor-widget-image-box\" data-id=\"4aea2eb\" data-element_type=\"widget\" data-widget_type=\"image-box.default\">\n\t\t\t\t<div class=\"elementor-widget-container\">\n\t\t\t\t\t<div class=\"elementor-image-box-wrapper\"><figure class=\"elementor-image-box-img\"><img fetchpriority=\"high\" decoding=\"async\" width=\"500\" height=\"500\" src=\"https:\/\/www.kollektaafrica.com\/moz\/wp-content\/uploads\/2023\/11\/Kollekta-Africa-Telecommunication-1.png\" class=\"attachment-full size-full wp-image-3382\" alt=\"\" srcset=\"https:\/\/www.kollektaafrica.com\/moz\/wp-content\/uploads\/2023\/11\/Kollekta-Africa-Telecommunication-1.png 500w, https:\/\/www.kollektaafrica.com\/moz\/wp-content\/uploads\/2023\/11\/Kollekta-Africa-Telecommunication-1-300x300.png 300w, https:\/\/www.kollektaafrica.com\/moz\/wp-content\/uploads\/2023\/11\/Kollekta-Africa-Telecommunication-1-150x150.png 150w\" sizes=\"(max-width: 500px) 100vw, 500px\" \/><\/figure><div class=\"elementor-image-box-content\"><h3 class=\"elementor-image-box-title\">Telecom<\/h3><\/div><\/div>\t\t\t\t<\/div>\n\t\t\t\t<\/div>\n\t\t\t\t\t<\/div>\n\t\t<\/div>\n\t\t\t\t<div class=\"elementor-column elementor-col-16 elementor-inner-column elementor-element elementor-element-a248a55\" data-id=\"a248a55\" data-element_type=\"column\" data-settings=\"{&quot;background_background&quot;:&quot;classic&quot;}\">\n\t\t\t<div class=\"elementor-widget-wrap elementor-element-populated\">\n\t\t\t\t\t\t<div class=\"elementor-element elementor-element-dd0e0c6 elementor-position-top elementor-widget elementor-widget-image-box\" data-id=\"dd0e0c6\" data-element_type=\"widget\" data-widget_type=\"image-box.default\">\n\t\t\t\t<div class=\"elementor-widget-container\">\n\t\t\t\t\t<div class=\"elementor-image-box-wrapper\"><figure class=\"elementor-image-box-img\"><img decoding=\"async\" width=\"500\" height=\"500\" src=\"https:\/\/www.kollektaafrica.com\/moz\/wp-content\/uploads\/2023\/11\/Kollekta-Africa-Finance.png\" class=\"attachment-full size-full wp-image-2819\" alt=\"\" srcset=\"https:\/\/www.kollektaafrica.com\/moz\/wp-content\/uploads\/2023\/11\/Kollekta-Africa-Finance.png 500w, https:\/\/www.kollektaafrica.com\/moz\/wp-content\/uploads\/2023\/11\/Kollekta-Africa-Finance-300x300.png 300w, https:\/\/www.kollektaafrica.com\/moz\/wp-content\/uploads\/2023\/11\/Kollekta-Africa-Finance-150x150.png 150w\" sizes=\"(max-width: 500px) 100vw, 500px\" \/><\/figure><div class=\"elementor-image-box-content\"><h3 class=\"elementor-image-box-title\">Finan\u00e7a<\/h3><\/div><\/div>\t\t\t\t<\/div>\n\t\t\t\t<\/div>\n\t\t\t\t\t<\/div>\n\t\t<\/div>\n\t\t\t\t<div class=\"elementor-column elementor-col-16 elementor-inner-column elementor-element elementor-element-e077e53\" data-id=\"e077e53\" data-element_type=\"column\" data-settings=\"{&quot;background_background&quot;:&quot;classic&quot;}\">\n\t\t\t<div class=\"elementor-widget-wrap elementor-element-populated\">\n\t\t\t\t\t\t<div class=\"elementor-element elementor-element-88b5bf6 elementor-position-top elementor-widget elementor-widget-image-box\" data-id=\"88b5bf6\" data-element_type=\"widget\" data-widget_type=\"image-box.default\">\n\t\t\t\t<div class=\"elementor-widget-container\">\n\t\t\t\t\t<div class=\"elementor-image-box-wrapper\"><figure class=\"elementor-image-box-img\"><img decoding=\"async\" width=\"500\" height=\"500\" src=\"https:\/\/www.kollektaafrica.com\/moz\/wp-content\/uploads\/2023\/11\/Kollekta-Africa-Retail.png\" class=\"attachment-full size-full wp-image-3381\" alt=\"\" srcset=\"https:\/\/www.kollektaafrica.com\/moz\/wp-content\/uploads\/2023\/11\/Kollekta-Africa-Retail.png 500w, https:\/\/www.kollektaafrica.com\/moz\/wp-content\/uploads\/2023\/11\/Kollekta-Africa-Retail-300x300.png 300w, https:\/\/www.kollektaafrica.com\/moz\/wp-content\/uploads\/2023\/11\/Kollekta-Africa-Retail-150x150.png 150w\" sizes=\"(max-width: 500px) 100vw, 500px\" \/><\/figure><div class=\"elementor-image-box-content\"><h3 class=\"elementor-image-box-title\">Retalho<\/h3><\/div><\/div>\t\t\t\t<\/div>\n\t\t\t\t<\/div>\n\t\t\t\t\t<\/div>\n\t\t<\/div>\n\t\t\t\t<div class=\"elementor-column elementor-col-16 elementor-inner-column elementor-element elementor-element-a2ebf9a\" data-id=\"a2ebf9a\" data-element_type=\"column\" data-settings=\"{&quot;background_background&quot;:&quot;classic&quot;}\">\n\t\t\t<div class=\"elementor-widget-wrap elementor-element-populated\">\n\t\t\t\t\t\t<div class=\"elementor-element elementor-element-71643ef elementor-position-top elementor-widget elementor-widget-image-box\" data-id=\"71643ef\" data-element_type=\"widget\" data-widget_type=\"image-box.default\">\n\t\t\t\t<div class=\"elementor-widget-container\">\n\t\t\t\t\t<div class=\"elementor-image-box-wrapper\"><figure class=\"elementor-image-box-img\"><img loading=\"lazy\" decoding=\"async\" width=\"500\" height=\"500\" src=\"https:\/\/www.kollektaafrica.com\/moz\/wp-content\/uploads\/2023\/11\/Kollekta-Africa-Legal.png\" class=\"attachment-full size-full wp-image-3380\" alt=\"\" srcset=\"https:\/\/www.kollektaafrica.com\/moz\/wp-content\/uploads\/2023\/11\/Kollekta-Africa-Legal.png 500w, https:\/\/www.kollektaafrica.com\/moz\/wp-content\/uploads\/2023\/11\/Kollekta-Africa-Legal-300x300.png 300w, https:\/\/www.kollektaafrica.com\/moz\/wp-content\/uploads\/2023\/11\/Kollekta-Africa-Legal-150x150.png 150w\" sizes=\"(max-width: 500px) 100vw, 500px\" \/><\/figure><div class=\"elementor-image-box-content\"><h3 class=\"elementor-image-box-title\">Jur\u00eddico<\/h3><\/div><\/div>\t\t\t\t<\/div>\n\t\t\t\t<\/div>\n\t\t\t\t\t<\/div>\n\t\t<\/div>\n\t\t\t\t<div class=\"elementor-column elementor-col-16 elementor-inner-column elementor-element elementor-element-24242fe\" data-id=\"24242fe\" data-element_type=\"column\" data-settings=\"{&quot;background_background&quot;:&quot;classic&quot;}\">\n\t\t\t<div class=\"elementor-widget-wrap elementor-element-populated\">\n\t\t\t\t\t\t<div class=\"elementor-element elementor-element-1090328 elementor-position-top elementor-widget elementor-widget-image-box\" data-id=\"1090328\" data-element_type=\"widget\" data-widget_type=\"image-box.default\">\n\t\t\t\t<div class=\"elementor-widget-container\">\n\t\t\t\t\t<div class=\"elementor-image-box-wrapper\"><figure class=\"elementor-image-box-img\"><img loading=\"lazy\" decoding=\"async\" width=\"500\" height=\"500\" src=\"https:\/\/www.kollektaafrica.com\/moz\/wp-content\/uploads\/2023\/11\/Kollekta-Africa-Insurance.png\" class=\"attachment-full size-full wp-image-3379\" alt=\"\" srcset=\"https:\/\/www.kollektaafrica.com\/moz\/wp-content\/uploads\/2023\/11\/Kollekta-Africa-Insurance.png 500w, https:\/\/www.kollektaafrica.com\/moz\/wp-content\/uploads\/2023\/11\/Kollekta-Africa-Insurance-300x300.png 300w, https:\/\/www.kollektaafrica.com\/moz\/wp-content\/uploads\/2023\/11\/Kollekta-Africa-Insurance-150x150.png 150w\" sizes=\"(max-width: 500px) 100vw, 500px\" \/><\/figure><div class=\"elementor-image-box-content\"><h3 class=\"elementor-image-box-title\">Seguros<\/h3><\/div><\/div>\t\t\t\t<\/div>\n\t\t\t\t<\/div>\n\t\t\t\t\t<\/div>\n\t\t<\/div>\n\t\t\t\t<div class=\"elementor-column elementor-col-16 elementor-inner-column elementor-element elementor-element-f52b478\" data-id=\"f52b478\" data-element_type=\"column\" data-settings=\"{&quot;background_background&quot;:&quot;classic&quot;}\">\n\t\t\t<div class=\"elementor-widget-wrap elementor-element-populated\">\n\t\t\t\t\t\t<div class=\"elementor-element elementor-element-a68d5c8 elementor-position-top elementor-widget elementor-widget-image-box\" data-id=\"a68d5c8\" data-element_type=\"widget\" data-widget_type=\"image-box.default\">\n\t\t\t\t<div class=\"elementor-widget-container\">\n\t\t\t\t\t<div class=\"elementor-image-box-wrapper\"><figure class=\"elementor-image-box-img\"><img loading=\"lazy\" decoding=\"async\" width=\"500\" height=\"500\" src=\"https:\/\/www.kollektaafrica.com\/moz\/wp-content\/uploads\/2023\/11\/Kollekta-Africa-Business-Services.png\" class=\"attachment-full size-full wp-image-3378\" alt=\"\" srcset=\"https:\/\/www.kollektaafrica.com\/moz\/wp-content\/uploads\/2023\/11\/Kollekta-Africa-Business-Services.png 500w, https:\/\/www.kollektaafrica.com\/moz\/wp-content\/uploads\/2023\/11\/Kollekta-Africa-Business-Services-300x300.png 300w, https:\/\/www.kollektaafrica.com\/moz\/wp-content\/uploads\/2023\/11\/Kollekta-Africa-Business-Services-150x150.png 150w\" sizes=\"(max-width: 500px) 100vw, 500px\" \/><\/figure><div class=\"elementor-image-box-content\"><h3 class=\"elementor-image-box-title\">Servi\u00e7os comerciais<\/h3><\/div><\/div>\t\t\t\t<\/div>\n\t\t\t\t<\/div>\n\t\t\t\t\t<\/div>\n\t\t<\/div>\n\t\t\t\t\t<\/div>\n\t\t<\/section>\n\t\t\t\t\t<\/div>\n\t\t<\/div>\n\t\t\t\t\t<\/div>\n\t\t<\/section>\n\t\t\t\t\t<\/div>\n\t\t<\/div>\n\t\t\t\t\t<\/div>\n\t\t<\/section>\n\t\t\t\t<section class=\"elementor-section elementor-top-section elementor-element elementor-element-4239eff elementor-section-stretched elementor-section-boxed elementor-section-height-default elementor-section-height-default\" data-id=\"4239eff\" data-element_type=\"section\" data-settings=\"{&quot;stretch_section&quot;:&quot;section-stretched&quot;,&quot;background_background&quot;:&quot;classic&quot;}\">\n\t\t\t\t\t\t<div class=\"elementor-container elementor-column-gap-default\">\n\t\t\t\t\t<div class=\"elementor-column elementor-col-50 elementor-top-column elementor-element elementor-element-f281a41\" data-id=\"f281a41\" data-element_type=\"column\">\n\t\t\t<div class=\"elementor-widget-wrap elementor-element-populated\">\n\t\t\t\t\t\t<div class=\"elementor-element elementor-element-e112a4a elementor-widget elementor-widget-heading\" data-id=\"e112a4a\" data-element_type=\"widget\" data-widget_type=\"heading.default\">\n\t\t\t\t<div class=\"elementor-widget-container\">\n\t\t\t\t\t<h1 class=\"elementor-heading-title elementor-size-default\">Pronto para uma parceria?<\/h1>\t\t\t\t<\/div>\n\t\t\t\t<\/div>\n\t\t\t\t\t<\/div>\n\t\t<\/div>\n\t\t\t\t<div class=\"elementor-column elementor-col-50 elementor-top-column elementor-element elementor-element-35018a4\" data-id=\"35018a4\" data-element_type=\"column\">\n\t\t\t<div class=\"elementor-widget-wrap elementor-element-populated\">\n\t\t\t\t\t\t<div class=\"elementor-element elementor-element-44a1fb2 elementor-align-left elementor-widget elementor-widget-button\" data-id=\"44a1fb2\" data-element_type=\"widget\" data-widget_type=\"button.default\">\n\t\t\t\t<div class=\"elementor-widget-container\">\n\t\t\t\t\t\t\t\t\t<div class=\"elementor-button-wrapper\">\n\t\t\t\t\t<a class=\"elementor-button elementor-button-link elementor-size-md\" href=\"https:\/\/www.kollektaafrica.com\/moz\/contact\/\">\n\t\t\t\t\t\t<span class=\"elementor-button-content-wrapper\">\n\t\t\t\t\t\t\t\t\t<span class=\"elementor-button-text\">Entre em Contacto<\/span>\n\t\t\t\t\t<\/span>\n\t\t\t\t\t<\/a>\n\t\t\t\t<\/div>\n\t\t\t\t\t\t\t\t<\/div>\n\t\t\t\t<\/div>\n\t\t\t\t\t<\/div>\n\t\t<\/div>\n\t\t\t\t\t<\/div>\n\t\t<\/section>\n\t\t\t\t<\/div>\n\t\t","protected":false},"excerpt":{"rendered":"<p>Nossa Hist\u00f3ria Construindo o Futuro da \u00c1frica com Tecnologia e Inova\u00e7\u00e3o A Kollekta Africa nasceu de uma vis\u00e3o para transformar o mercado africano com solu\u00e7\u00f5es distintas e impulsionadas pela tecnologia, que atendem \u00e0s necessidades \u00fanicas de empresas e consumidores. Entendemos que o cen\u00e1rio diversificado e em constante evolu\u00e7\u00e3o da \u00c1frica exige inova\u00e7\u00e3o que seja relevante&hellip;<\/p>\n","protected":false},"author":1,"featured_media":0,"parent":0,"menu_order":0,"comment_status":"closed","ping_status":"closed","template":"","meta":{"inline_featured_image":false,"footnotes":""},"class_list":["post-30","page","type-page","status-publish","hentry","entry","no-media"],"_links":{"self":[{"href":"https:\/\/www.kollektaafrica.com\/moz\/wp-json\/wp\/v2\/pages\/30","targetHints":{"allow":["GET"]}}],"collection":[{"href":"https:\/\/www.kollektaafrica.com\/moz\/wp-json\/wp\/v2\/pages"}],"about":[{"href":"https:\/\/www.kollektaafrica.com\/moz\/wp-json\/wp\/v2\/types\/page"}],"author":[{"embeddable":true,"href":"https:\/\/www.kollektaafrica.com\/moz\/wp-json\/wp\/v2\/users\/1"}],"replies":[{"embeddable":true,"href":"https:\/\/www.kollektaafrica.com\/moz\/wp-json\/wp\/v2\/comments?post=30"}],"version-history":[{"count":203,"href":"https:\/\/www.kollektaafrica.com\/moz\/wp-json\/wp\/v2\/pages\/30\/revisions"}],"predecessor-version":[{"id":4402,"href":"https:\/\/www.kollektaafrica.com\/moz\/wp-json\/wp\/v2\/pages\/30\/revisions\/4402"}],"wp:attachment":[{"href":"https:\/\/www.kollektaafrica.com\/moz\/wp-json\/wp\/v2\/media?parent=30"}],"curies":[{"name":"wp","href":"https:\/\/api.w.org\/{rel}","templated":true}]}}