{"id":2977,"date":"2023-11-23T12:35:33","date_gmt":"2023-11-23T12:35:33","guid":{"rendered":"https:\/\/www.kollektaafrica.com\/moz\/?page_id=2977"},"modified":"2026-03-11T23:13:20","modified_gmt":"2026-03-11T20:13:20","slug":"kollekta-privacy-policy","status":"publish","type":"page","link":"https:\/\/www.kollektaafrica.com\/moz\/kollekta-privacy-policy\/","title":{"rendered":"Privacy Policy"},"content":{"rendered":"\t\t<div data-elementor-type=\"wp-page\" data-elementor-id=\"2977\" class=\"elementor elementor-2977\" data-elementor-post-type=\"page\">\n\t\t\t\t\t\t<section class=\"elementor-section elementor-top-section elementor-element elementor-element-f84e514 elementor-section-full_width elementor-section-stretched elementor-section-height-default elementor-section-height-default\" data-id=\"f84e514\" data-element_type=\"section\" data-settings=\"{&quot;stretch_section&quot;:&quot;section-stretched&quot;,&quot;background_background&quot;:&quot;classic&quot;}\">\n\t\t\t\t\t\t<div class=\"elementor-container elementor-column-gap-no\">\n\t\t\t\t\t<div class=\"elementor-column elementor-col-100 elementor-top-column elementor-element elementor-element-5aff2a1\" data-id=\"5aff2a1\" data-element_type=\"column\">\n\t\t\t<div class=\"elementor-widget-wrap elementor-element-populated\">\n\t\t\t\t\t\t<div class=\"elementor-element elementor-element-1da7d77 elementor-widget elementor-widget-heading\" data-id=\"1da7d77\" data-element_type=\"widget\" data-widget_type=\"heading.default\">\n\t\t\t\t<div class=\"elementor-widget-container\">\n\t\t\t\t\t<h2 class=\"elementor-heading-title elementor-size-default\">Pol\u00edtica de Privacidade<\/h2>\t\t\t\t<\/div>\n\t\t\t\t<\/div>\n\t\t\t\t\t<\/div>\n\t\t<\/div>\n\t\t\t\t\t<\/div>\n\t\t<\/section>\n\t\t\t\t<section class=\"elementor-section elementor-top-section elementor-element elementor-element-c8398e5 elementor-section-stretched elementor-section-boxed elementor-section-height-default elementor-section-height-default\" data-id=\"c8398e5\" data-element_type=\"section\" data-settings=\"{&quot;stretch_section&quot;:&quot;section-stretched&quot;,&quot;background_background&quot;:&quot;classic&quot;}\">\n\t\t\t\t\t\t<div class=\"elementor-container elementor-column-gap-default\">\n\t\t\t\t\t<div class=\"elementor-column elementor-col-100 elementor-top-column elementor-element elementor-element-5e1380d\" data-id=\"5e1380d\" data-element_type=\"column\">\n\t\t\t<div class=\"elementor-widget-wrap elementor-element-populated\">\n\t\t\t\t\t\t<div class=\"elementor-element elementor-element-51ca298 elementor-widget elementor-widget-toggle\" data-id=\"51ca298\" data-element_type=\"widget\" data-widget_type=\"toggle.default\">\n\t\t\t\t<div class=\"elementor-widget-container\">\n\t\t\t\t\t\t\t<div class=\"elementor-toggle\">\n\t\t\t\t\t\t\t<div class=\"elementor-toggle-item\">\n\t\t\t\t\t<div id=\"elementor-tab-title-8571\" class=\"elementor-tab-title\" data-tab=\"1\" role=\"button\" aria-controls=\"elementor-tab-content-8571\" aria-expanded=\"false\">\n\t\t\t\t\t\t\t\t\t\t\t\t<span class=\"elementor-toggle-icon elementor-toggle-icon-left\" aria-hidden=\"true\">\n\t\t\t\t\t\t\t\t\t\t\t\t\t\t\t<span class=\"elementor-toggle-icon-closed\"><i class=\"fas fa-plus\"><\/i><\/span>\n\t\t\t\t\t\t\t\t<span class=\"elementor-toggle-icon-opened\"><span class=\"elementor-toggle-icon-opened ticon ticon-minus\" aria-hidden=\"true\"><\/span><\/span>\n\t\t\t\t\t\t\t\t\t\t\t\t\t<\/span>\n\t\t\t\t\t\t\t\t\t\t\t\t<a class=\"elementor-toggle-title\" tabindex=\"0\">O que fazemos com a sua informa\u00e7\u00e3o? <\/a>\n\t\t\t\t\t<\/div>\n\n\t\t\t\t\t<div id=\"elementor-tab-content-8571\" class=\"elementor-tab-content elementor-clearfix\" data-tab=\"1\" role=\"region\" aria-labelledby=\"elementor-tab-title-8571\"><p>Quando adere aos nossos servi\u00e7os a partir das nossas plataformas online, como parte do processo de registo, recolhemos as informa\u00e7\u00f5es pessoais que nos fornece, tais como o seu nome, n\u00famero de identifica\u00e7\u00e3o nacional, endere\u00e7o f\u00edsico, endere\u00e7o de correio eletr\u00f3nico e n\u00famero de telem\u00f3vel.<\/p><p>Quando navega nas nossas plataformas online, tamb\u00e9m recebemos automaticamente o endere\u00e7o de protocolo de Internet (IP) do seu computador para nos fornecer informa\u00e7\u00f5es que nos ajudam a conhecer o seu browser e sistema operativo.<\/p><p>Marketing por correio eletr\u00f3nico e SMS (se aplic\u00e1vel): Podemos enviar-lhe e-mails ou SMS sobre os nossos servi\u00e7os, novos produtos e outras actualiza\u00e7\u00f5es.<\/p><\/div>\n\t\t\t\t<\/div>\n\t\t\t\t\t\t\t<div class=\"elementor-toggle-item\">\n\t\t\t\t\t<div id=\"elementor-tab-title-8572\" class=\"elementor-tab-title\" data-tab=\"2\" role=\"button\" aria-controls=\"elementor-tab-content-8572\" aria-expanded=\"false\">\n\t\t\t\t\t\t\t\t\t\t\t\t<span class=\"elementor-toggle-icon elementor-toggle-icon-left\" aria-hidden=\"true\">\n\t\t\t\t\t\t\t\t\t\t\t\t\t\t\t<span class=\"elementor-toggle-icon-closed\"><i class=\"fas fa-plus\"><\/i><\/span>\n\t\t\t\t\t\t\t\t<span class=\"elementor-toggle-icon-opened\"><span class=\"elementor-toggle-icon-opened ticon ticon-minus\" aria-hidden=\"true\"><\/span><\/span>\n\t\t\t\t\t\t\t\t\t\t\t\t\t<\/span>\n\t\t\t\t\t\t\t\t\t\t\t\t<a class=\"elementor-toggle-title\" tabindex=\"0\">Consentimento <\/a>\n\t\t\t\t\t<\/div>\n\n\t\t\t\t\t<div id=\"elementor-tab-content-8572\" class=\"elementor-tab-content elementor-clearfix\" data-tab=\"2\" role=\"region\" aria-labelledby=\"elementor-tab-title-8572\"><p><strong>Como \u00e9 que obt\u00eam o meu consentimento?<\/strong> Quando nos fornece informa\u00e7\u00f5es pessoais para concluir uma transa\u00e7\u00e3o, utilizamos essas informa\u00e7\u00f5es para verificar o seu historial de cr\u00e9dito, elegibilidade, processar valida\u00e7\u00f5es de dados com bases de dados de terceiros e organizar uma entrega ou devolu\u00e7\u00e3o. A sua aceita\u00e7\u00e3o dos termos e condi\u00e7\u00f5es nas nossas plataformas digitais implica que consente que recolhamos essas informa\u00e7\u00f5es e as utilizemos apenas por esse motivo espec\u00edfico<\/p><p>Se pedirmos as suas informa\u00e7\u00f5es pessoais por um motivo secund\u00e1rio, como marketing, pediremos diretamente o seu consentimento expresso ou dar-lhe-emos a oportunidade de recusar.<\/p><p><strong>Como \u00e9 que retiro o meu consentimento?<\/strong> Se, depois de ter optado por participar, mudar de ideias, pode retirar o seu consentimento para que o contactemos, para a continua\u00e7\u00e3o da recolha, utiliza\u00e7\u00e3o ou divulga\u00e7\u00e3o das suas informa\u00e7\u00f5es, em qualquer altura, contactando-nos atrav\u00e9s de <a href=\"mailto:inquiry@kollektaafrica.com\">inquiry@kollektaafrica.com<\/a> ou enviando-nos por correio para: Kollekta Africa Limited, 172 Chwaku Street, Mikocheni, Dar es Salaam, Tanz\u00e2nia.<\/p><\/div>\n\t\t\t\t<\/div>\n\t\t\t\t\t\t\t<div class=\"elementor-toggle-item\">\n\t\t\t\t\t<div id=\"elementor-tab-title-8573\" class=\"elementor-tab-title\" data-tab=\"3\" role=\"button\" aria-controls=\"elementor-tab-content-8573\" aria-expanded=\"false\">\n\t\t\t\t\t\t\t\t\t\t\t\t<span class=\"elementor-toggle-icon elementor-toggle-icon-left\" aria-hidden=\"true\">\n\t\t\t\t\t\t\t\t\t\t\t\t\t\t\t<span class=\"elementor-toggle-icon-closed\"><i class=\"fas fa-plus\"><\/i><\/span>\n\t\t\t\t\t\t\t\t<span class=\"elementor-toggle-icon-opened\"><span class=\"elementor-toggle-icon-opened ticon ticon-minus\" aria-hidden=\"true\"><\/span><\/span>\n\t\t\t\t\t\t\t\t\t\t\t\t\t<\/span>\n\t\t\t\t\t\t\t\t\t\t\t\t<a class=\"elementor-toggle-title\" tabindex=\"0\">Divulga\u00e7\u00e3o<\/a>\n\t\t\t\t\t<\/div>\n\n\t\t\t\t\t<div id=\"elementor-tab-content-8573\" class=\"elementor-tab-content elementor-clearfix\" data-tab=\"3\" role=\"region\" aria-labelledby=\"elementor-tab-title-8573\"><p>Podemos divulgar as suas informa\u00e7\u00f5es pessoais se formos obrigados por lei a faz\u00ea-lo ou se o utilizador violar os nossos Termos de Servi\u00e7o.<\/p><\/div>\n\t\t\t\t<\/div>\n\t\t\t\t\t\t\t<div class=\"elementor-toggle-item\">\n\t\t\t\t\t<div id=\"elementor-tab-title-8574\" class=\"elementor-tab-title\" data-tab=\"4\" role=\"button\" aria-controls=\"elementor-tab-content-8574\" aria-expanded=\"false\">\n\t\t\t\t\t\t\t\t\t\t\t\t<span class=\"elementor-toggle-icon elementor-toggle-icon-left\" aria-hidden=\"true\">\n\t\t\t\t\t\t\t\t\t\t\t\t\t\t\t<span class=\"elementor-toggle-icon-closed\"><i class=\"fas fa-plus\"><\/i><\/span>\n\t\t\t\t\t\t\t\t<span class=\"elementor-toggle-icon-opened\"><span class=\"elementor-toggle-icon-opened ticon ticon-minus\" aria-hidden=\"true\"><\/span><\/span>\n\t\t\t\t\t\t\t\t\t\t\t\t\t<\/span>\n\t\t\t\t\t\t\t\t\t\t\t\t<a class=\"elementor-toggle-title\" tabindex=\"0\">Plataforma Kollekta<\/a>\n\t\t\t\t\t<\/div>\n\n\t\t\t\t\t<div id=\"elementor-tab-content-8574\" class=\"elementor-tab-content elementor-clearfix\" data-tab=\"4\" role=\"region\" aria-labelledby=\"elementor-tab-title-8574\"><p>As nossas plataformas est\u00e3o alojadas em v\u00e1rios fornecedores de servi\u00e7os. Estas fornecem-nos a plataforma de com\u00e9rcio eletr\u00f3nico online que nos permite vender os nossos produtos e servi\u00e7os ao utilizador.<\/p><p>Os seus dados s\u00e3o armazenados atrav\u00e9s do armazenamento de dados da Kollekta, bases de dados e do aplicativo geral da Kollekta.<\/p><p>Os seus dados s\u00e3o armazenados num servidor seguro protegido por um firewall.<\/p><p><strong>Pagamento:<\/strong> Se optar por utilizar um gateway de pagamento direto para concluir a sua compra, o Prestador de Servi\u00e7os de Pagamento (PSP) autorizado armazenar\u00e1 os dados do seu cart\u00e3o de cr\u00e9dito ou de outro m\u00e9todo de pagamento. Esses dados s\u00e3o encriptados. As informa\u00e7\u00f5es da sua transa\u00e7\u00e3o de compra s\u00e3o armazenadas apenas pelo per\u00edodo necess\u00e1rio para concluir a transa\u00e7\u00e3o.<\/p><p>Para obter mais informa\u00e7\u00f5es, pode tamb\u00e9m ler os Termos de servi\u00e7o ou a Declara\u00e7\u00e3o de privacidade da Kollekta.<\/p><\/div>\n\t\t\t\t<\/div>\n\t\t\t\t\t\t\t<div class=\"elementor-toggle-item\">\n\t\t\t\t\t<div id=\"elementor-tab-title-8575\" class=\"elementor-tab-title\" data-tab=\"5\" role=\"button\" aria-controls=\"elementor-tab-content-8575\" aria-expanded=\"false\">\n\t\t\t\t\t\t\t\t\t\t\t\t<span class=\"elementor-toggle-icon elementor-toggle-icon-left\" aria-hidden=\"true\">\n\t\t\t\t\t\t\t\t\t\t\t\t\t\t\t<span class=\"elementor-toggle-icon-closed\"><i class=\"fas fa-plus\"><\/i><\/span>\n\t\t\t\t\t\t\t\t<span class=\"elementor-toggle-icon-opened\"><span class=\"elementor-toggle-icon-opened ticon ticon-minus\" aria-hidden=\"true\"><\/span><\/span>\n\t\t\t\t\t\t\t\t\t\t\t\t\t<\/span>\n\t\t\t\t\t\t\t\t\t\t\t\t<a class=\"elementor-toggle-title\" tabindex=\"0\">Servi\u00e7os de terceiros<\/a>\n\t\t\t\t\t<\/div>\n\n\t\t\t\t\t<div id=\"elementor-tab-content-8575\" class=\"elementor-tab-content elementor-clearfix\" data-tab=\"5\" role=\"region\" aria-labelledby=\"elementor-tab-title-8575\"><p>Em geral, os fornecedores terceiros por n\u00f3s utilizados apenas recolher\u00e3o, utilizar\u00e3o e divulgar\u00e3o as suas informa\u00e7\u00f5es na medida necess\u00e1ria para lhes permitir executar os servi\u00e7os que nos prestam.<\/p><p>No entanto, determinados prestadores de servi\u00e7os terceiros, como o Credit Reference Bureau, gateways de pagamento e outros processadores de transa\u00e7\u00f5es de pagamento, t\u00eam as suas pr\u00f3prias pol\u00edticas de privacidade no que diz respeito \u00e0s informa\u00e7\u00f5es que somos obrigados a receber ou fornecer-lhes para as suas transa\u00e7\u00f5es relacionadas com compras.<\/p><p>Relativamente a estes fornecedores, recomendamos que leia as respectivas pol\u00edticas de privacidade para que possa compreender a forma como as suas informa\u00e7\u00f5es pessoais ser\u00e3o tratadas por estes fornecedores.<\/p><p>Em particular, lembre-se de que determinados fornecedores podem estar localizados ou ter instala\u00e7\u00f5es localizadas numa jurisdi\u00e7\u00e3o diferente da nossa ou do utilizador. Assim, se optar por efetuar uma transa\u00e7\u00e3o que envolva os servi\u00e7os de um fornecedor de servi\u00e7os terceiro, as suas informa\u00e7\u00f5es podem ficar sujeitas \u00e0s leis da(s) jurisdi\u00e7\u00e3o(\u00f5es) em que esse fornecedor de servi\u00e7os ou as suas instala\u00e7\u00f5es est\u00e3o localizados.<\/p><p>Por exemplo, se estiver localizado no Canad\u00e1 e a sua transa\u00e7\u00e3o for processada por um gateway de pagamento localizado nos Estados Unidos, ent\u00e3o as suas informa\u00e7\u00f5es pessoais utilizadas na conclus\u00e3o dessa transa\u00e7\u00e3o podem estar sujeitas a divulga\u00e7\u00e3o ao abrigo da legisla\u00e7\u00e3o dos Estados Unidos, incluindo a Lei Patriota.<\/p><p>Quando o utilizador sai das nossas plataformas online ou \u00e9 redireccionado para um website ou aplica\u00e7\u00e3o de terceiros, deixa de ser regido por esta Pol\u00edtica de Privacidade ou pelos Termos de Servi\u00e7o da nossa plataforma online.<\/p><p><strong>Hiperliga\u00e7\u00f5es<\/strong><\/p><p>Quando o utilizador clica em liga\u00e7\u00f5es nas nossas plataformas online, estas podem direccion\u00e1-lo para fora de nossos sites. N\u00e3o somos respons\u00e1veis pelas pr\u00e1ticas de privacidade de outros sites e encorajamos o utilizador a ler as respectivas declara\u00e7\u00f5es de privacidade.<\/p><\/div>\n\t\t\t\t<\/div>\n\t\t\t\t\t\t\t<div class=\"elementor-toggle-item\">\n\t\t\t\t\t<div id=\"elementor-tab-title-8576\" class=\"elementor-tab-title\" data-tab=\"6\" role=\"button\" aria-controls=\"elementor-tab-content-8576\" aria-expanded=\"false\">\n\t\t\t\t\t\t\t\t\t\t\t\t<span class=\"elementor-toggle-icon elementor-toggle-icon-left\" aria-hidden=\"true\">\n\t\t\t\t\t\t\t\t\t\t\t\t\t\t\t<span class=\"elementor-toggle-icon-closed\"><i class=\"fas fa-plus\"><\/i><\/span>\n\t\t\t\t\t\t\t\t<span class=\"elementor-toggle-icon-opened\"><span class=\"elementor-toggle-icon-opened ticon ticon-minus\" aria-hidden=\"true\"><\/span><\/span>\n\t\t\t\t\t\t\t\t\t\t\t\t\t<\/span>\n\t\t\t\t\t\t\t\t\t\t\t\t<a class=\"elementor-toggle-title\" tabindex=\"0\">Seguran\u00e7a<\/a>\n\t\t\t\t\t<\/div>\n\n\t\t\t\t\t<div id=\"elementor-tab-content-8576\" class=\"elementor-tab-content elementor-clearfix\" data-tab=\"6\" role=\"region\" aria-labelledby=\"elementor-tab-title-8576\"><p>Para proteger as suas informa\u00e7\u00f5es pessoais, tomamos precau\u00e7\u00f5es razo\u00e1veis e seguimos as melhores pr\u00e1ticas da ind\u00fastria para garantir que n\u00e3o s\u00e3o perdidas, mal utilizadas, acedidas, divulgadas, alteradas ou destru\u00eddas de forma inadequada.<\/p><p>Se nos fornecer as informa\u00e7\u00f5es do seu cart\u00e3o de cr\u00e9dito, estas s\u00e3o encriptadas utilizando a tecnologia Secure Socket Layer (SSL) e armazenadas com uma encripta\u00e7\u00e3o AES-256. Embora nenhum m\u00e9todo de transmiss\u00e3o atrav\u00e9s da Internet ou de armazenamento eletr\u00f3nico seja 100% seguro, seguimos todos os requisitos do PCI-DSS e implementamos outras normas geralmente aceites pela ind\u00fastria.<\/p><\/div>\n\t\t\t\t<\/div>\n\t\t\t\t\t\t\t<div class=\"elementor-toggle-item\">\n\t\t\t\t\t<div id=\"elementor-tab-title-8577\" class=\"elementor-tab-title\" data-tab=\"7\" role=\"button\" aria-controls=\"elementor-tab-content-8577\" aria-expanded=\"false\">\n\t\t\t\t\t\t\t\t\t\t\t\t<span class=\"elementor-toggle-icon elementor-toggle-icon-left\" aria-hidden=\"true\">\n\t\t\t\t\t\t\t\t\t\t\t\t\t\t\t<span class=\"elementor-toggle-icon-closed\"><i class=\"fas fa-plus\"><\/i><\/span>\n\t\t\t\t\t\t\t\t<span class=\"elementor-toggle-icon-opened\"><span class=\"elementor-toggle-icon-opened ticon ticon-minus\" aria-hidden=\"true\"><\/span><\/span>\n\t\t\t\t\t\t\t\t\t\t\t\t\t<\/span>\n\t\t\t\t\t\t\t\t\t\t\t\t<a class=\"elementor-toggle-title\" tabindex=\"0\">Idade de consentimento<\/a>\n\t\t\t\t\t<\/div>\n\n\t\t\t\t\t<div id=\"elementor-tab-content-8577\" class=\"elementor-tab-content elementor-clearfix\" data-tab=\"7\" role=\"region\" aria-labelledby=\"elementor-tab-title-8577\"><p>Ao utilizar esta plataforma online, o utilizador declara que \u00e9 maior de idade em seu estado ou provincia de resid\u00eancia, e que nos deu seu consentimento para permitir que qualquer um dos seus dependentes menores de idade utilizarem este site.<\/p><\/div>\n\t\t\t\t<\/div>\n\t\t\t\t\t\t\t<div class=\"elementor-toggle-item\">\n\t\t\t\t\t<div id=\"elementor-tab-title-8578\" class=\"elementor-tab-title\" data-tab=\"8\" role=\"button\" aria-controls=\"elementor-tab-content-8578\" aria-expanded=\"false\">\n\t\t\t\t\t\t\t\t\t\t\t\t<span class=\"elementor-toggle-icon elementor-toggle-icon-left\" aria-hidden=\"true\">\n\t\t\t\t\t\t\t\t\t\t\t\t\t\t\t<span class=\"elementor-toggle-icon-closed\"><i class=\"fas fa-plus\"><\/i><\/span>\n\t\t\t\t\t\t\t\t<span class=\"elementor-toggle-icon-opened\"><span class=\"elementor-toggle-icon-opened ticon ticon-minus\" aria-hidden=\"true\"><\/span><\/span>\n\t\t\t\t\t\t\t\t\t\t\t\t\t<\/span>\n\t\t\t\t\t\t\t\t\t\t\t\t<a class=\"elementor-toggle-title\" tabindex=\"0\">Altera\u00e7\u00e3o da Pol\u00edtica de Privacidade<\/a>\n\t\t\t\t\t<\/div>\n\n\t\t\t\t\t<div id=\"elementor-tab-content-8578\" class=\"elementor-tab-content elementor-clearfix\" data-tab=\"8\" role=\"region\" aria-labelledby=\"elementor-tab-title-8578\"><p>Reservamo-nos o direito de modificar esta pol\u00edtica de privacidade em qualquer altura, pelo que a deve rever frequentemente. As altera\u00e7\u00f5es e esclarecimentos entrar\u00e3o em vigor imediatamente ap\u00f3s a sua publica\u00e7\u00e3o nas nossas plataformas online.<\/p><p>Se fizermos altera\u00e7\u00f5es materiais a esta pol\u00edtica, notific\u00e1-lo-emos aqui de que foi actualizada, para que tenha conhecimento das informa\u00e7\u00f5es que recolhemos, como as utilizamos e em que circunst\u00e2ncias, se for caso disso, as utilizamos e\/ou divulgamos.<\/p><p>Se a nossa empresa for adquirida ou fundida com outra empresa, as suas informa\u00e7\u00f5es podem ser transferidas para os novos propriet\u00e1rios, de modo a podermos continuar a vender-lhe produtos.<\/p><p><strong>D\u00favidas e informa\u00e7\u00f5es de contacto <\/strong><\/p><p>Se pretender: aceder, corrigir, alterar ou eliminar quaisquer informa\u00e7\u00f5es pessoais que tenhamos sobre si, registar uma reclama\u00e7\u00e3o ou simplesmente pretender mais informa\u00e7\u00f5es, contacte o nosso Respons\u00e1vel pela Conformidade da Privacidade em <a href=\"mailto:inquiry@kollektaafrica.com\">inquiry@kollektaafrica.com<\/a> ou por correio para Kollekta Africa Limited,<\/p>[Re: Privacy Compliance Officer] Dar es Salaam, Tanz\u00e2nia]<\/div>\n\t\t\t\t<\/div>\n\t\t\t\t\t\t\t\t<\/div>\n\t\t\t\t\t\t<\/div>\n\t\t\t\t<\/div>\n\t\t\t\t\t<\/div>\n\t\t<\/div>\n\t\t\t\t\t<\/div>\n\t\t<\/section>\n\t\t\t\t<\/div>\n\t\t","protected":false},"excerpt":{"rendered":"<p>Pol\u00edtica de Privacidade O que fazemos com a sua informa\u00e7\u00e3o? Quando adere aos nossos servi\u00e7os a partir das nossas plataformas online, como parte do processo de registo, recolhemos as informa\u00e7\u00f5es pessoais que nos fornece, tais como o seu nome, n\u00famero de identifica\u00e7\u00e3o nacional, endere\u00e7o f\u00edsico, endere\u00e7o de correio eletr\u00f3nico e n\u00famero de telem\u00f3vel. Quando navega&hellip;<\/p>\n","protected":false},"author":1,"featured_media":0,"parent":0,"menu_order":0,"comment_status":"closed","ping_status":"closed","template":"","meta":{"inline_featured_image":false,"footnotes":""},"class_list":["post-2977","page","type-page","status-publish","hentry","entry","no-media"],"_links":{"self":[{"href":"https:\/\/www.kollektaafrica.com\/moz\/wp-json\/wp\/v2\/pages\/2977","targetHints":{"allow":["GET"]}}],"collection":[{"href":"https:\/\/www.kollektaafrica.com\/moz\/wp-json\/wp\/v2\/pages"}],"about":[{"href":"https:\/\/www.kollektaafrica.com\/moz\/wp-json\/wp\/v2\/types\/page"}],"author":[{"embeddable":true,"href":"https:\/\/www.kollektaafrica.com\/moz\/wp-json\/wp\/v2\/users\/1"}],"replies":[{"embeddable":true,"href":"https:\/\/www.kollektaafrica.com\/moz\/wp-json\/wp\/v2\/comments?post=2977"}],"version-history":[{"count":41,"href":"https:\/\/www.kollektaafrica.com\/moz\/wp-json\/wp\/v2\/pages\/2977\/revisions"}],"predecessor-version":[{"id":4485,"href":"https:\/\/www.kollektaafrica.com\/moz\/wp-json\/wp\/v2\/pages\/2977\/revisions\/4485"}],"wp:attachment":[{"href":"https:\/\/www.kollektaafrica.com\/moz\/wp-json\/wp\/v2\/media?parent=2977"}],"curies":[{"name":"wp","href":"https:\/\/api.w.org\/{rel}","templated":true}]}}